{"id":25,"date":"2024-01-08T18:40:05","date_gmt":"2024-01-08T17:40:05","guid":{"rendered":"https:\/\/shop-eu.lafabriquecornu.ch\/?page_id=25"},"modified":"2026-01-09T11:39:13","modified_gmt":"2026-01-09T10:39:13","slug":"accueil","status":"publish","type":"page","link":"https:\/\/shop-eu.lafabriquecornu.ch\/fr\/","title":{"rendered":"Accueil"},"content":{"rendered":"\n<div class=\"wp-block-columns is-layout-flex wp-container-core-columns-is-layout-9d6595d7 wp-block-columns-is-layout-flex\">\n<div class=\"wp-block-column is-layout-flow wp-block-column-is-layout-flow\"><div class=\"products product laf-featured-product\">\n    <a href=\"https:\/\/shop-eu.lafabriquecornu.ch\/fr\/produit\/contenu-alimentaire-sac-garni-copie\/\" class=\"woocommerce-LoopProduct-link woocommerce-loop-product__link\" style=\"text-decoration: none;\">\n        <img loading=\"lazy\" decoding=\"async\" width=\"390\" height=\"439\" src=\"https:\/\/shop-eu.lafabriquecornu.ch\/wp-content\/uploads\/img-sac-garni2-390x439.webp\" class=\"hello\" alt=\"sac garni\" srcset=\"https:\/\/shop-eu.lafabriquecornu.ch\/wp-content\/uploads\/img-sac-garni2-390x439.webp 390w, https:\/\/shop-eu.lafabriquecornu.ch\/wp-content\/uploads\/img-sac-garni2-267x300.webp 267w, https:\/\/shop-eu.lafabriquecornu.ch\/wp-content\/uploads\/img-sac-garni2-768x864.webp 768w, https:\/\/shop-eu.lafabriquecornu.ch\/wp-content\/uploads\/img-sac-garni2-600x675.webp 600w, https:\/\/shop-eu.lafabriquecornu.ch\/wp-content\/uploads\/img-sac-garni2.webp 800w\" sizes=\"auto, (max-width: 390px) 100vw, 390px\" \/>\n        <div class=\"laf-featured-product-content\">\n            <h2 class=\"woocommerce-loop-product__title\">sac garni<\/h2>\n            <span class=\"price\"><span class=\"woocommerce-Price-amount amount\"><bdi><span class=\"woocommerce-Price-amount amount\"><bdi><span class=\"woocommerce-Price-currencySymbol\">&euro;<\/span>&nbsp;21.00<\/bdi><\/span><\/bdi><\/span><\/span>\n        <\/div>\n    <\/a>\n<\/div>\n<\/div>\n\n\n\n<div class=\"wp-block-column is-layout-flow wp-block-column-is-layout-flow\"><div class=\"products product laf-featured-product\">\n    <a href=\"https:\/\/shop-eu.lafabriquecornu.ch\/fr\/produit\/zwieback-bio\/\" class=\"woocommerce-LoopProduct-link woocommerce-loop-product__link\" style=\"text-decoration: none;\">\n        <img loading=\"lazy\" decoding=\"async\" width=\"390\" height=\"439\" src=\"https:\/\/shop-eu.lafabriquecornu.ch\/wp-content\/uploads\/face_zwieback-bio-pastille-390x439.png\" class=\"hello\" alt=\"zwieback bio\" srcset=\"https:\/\/shop-eu.lafabriquecornu.ch\/wp-content\/uploads\/face_zwieback-bio-pastille-390x439.png 390w, https:\/\/shop-eu.lafabriquecornu.ch\/wp-content\/uploads\/face_zwieback-bio-pastille-267x300.png 267w, https:\/\/shop-eu.lafabriquecornu.ch\/wp-content\/uploads\/face_zwieback-bio-pastille-768x864.png 768w, https:\/\/shop-eu.lafabriquecornu.ch\/wp-content\/uploads\/face_zwieback-bio-pastille-600x675.png 600w, https:\/\/shop-eu.lafabriquecornu.ch\/wp-content\/uploads\/face_zwieback-bio-pastille.png 800w\" sizes=\"auto, (max-width: 390px) 100vw, 390px\" \/>\n        <div class=\"laf-featured-product-content\">\n            <h2 class=\"woocommerce-loop-product__title\">Zwieback bio<\/h2>\n            <span class=\"price\"><span class=\"woocommerce-Price-amount amount\"><bdi><span class=\"woocommerce-Price-amount amount\"><bdi><span class=\"woocommerce-Price-currencySymbol\">&euro;<\/span>&nbsp;3.70<\/bdi><\/span><\/bdi><\/span><\/span>\n        <\/div>\n    <\/a>\n<\/div>\n<\/div>\n\n\n\n<div class=\"wp-block-column is-layout-flow wp-block-column-is-layout-flow\">\n<div class=\"wp-block-group is-nowrap is-layout-flex wp-container-core-group-is-layout-ad2f72ca wp-block-group-is-layout-flex\"><div class=\"products product laf-featured-product\">\n    <a href=\"https:\/\/shop-eu.lafabriquecornu.ch\/fr\/produit\/assortiment-la-collection-decouverte-2\/\" class=\"woocommerce-LoopProduct-link woocommerce-loop-product__link\" style=\"text-decoration: none;\">\n        <img loading=\"lazy\" decoding=\"async\" width=\"390\" height=\"439\" src=\"https:\/\/shop-eu.lafabriquecornu.ch\/wp-content\/uploads\/img-assortiment-decouverte-390x439.webp\" class=\"hello\" alt=\"Assortiment d\u00e9couverte\" srcset=\"https:\/\/shop-eu.lafabriquecornu.ch\/wp-content\/uploads\/img-assortiment-decouverte-390x439.webp 390w, https:\/\/shop-eu.lafabriquecornu.ch\/wp-content\/uploads\/img-assortiment-decouverte-267x300.webp 267w, https:\/\/shop-eu.lafabriquecornu.ch\/wp-content\/uploads\/img-assortiment-decouverte-768x864.webp 768w, https:\/\/shop-eu.lafabriquecornu.ch\/wp-content\/uploads\/img-assortiment-decouverte-600x675.webp 600w, https:\/\/shop-eu.lafabriquecornu.ch\/wp-content\/uploads\/img-assortiment-decouverte.webp 800w\" sizes=\"auto, (max-width: 390px) 100vw, 390px\" \/>\n        <div class=\"laf-featured-product-content\">\n            <h2 class=\"woocommerce-loop-product__title\">Assortiment d\u00e9couverte exclusivit\u00e9 online<\/h2>\n            <span class=\"price\"><span class=\"woocommerce-Price-amount amount\"><bdi><span class=\"woocommerce-Price-amount amount\"><bdi><span class=\"woocommerce-Price-currencySymbol\">&euro;<\/span>&nbsp;17.00<\/bdi><\/span><\/bdi><\/span><\/span>\n        <\/div>\n    <\/a>\n<\/div>\n<\/div>\n<\/div>\n\n\n\n<div class=\"wp-block-column is-layout-flow wp-block-column-is-layout-flow\"><div class=\"products product laf-featured-product\">\n    <a href=\"https:\/\/shop-eu.lafabriquecornu.ch\/fr\/produit\/assortiment-totale-douceur\/\" class=\"woocommerce-LoopProduct-link woocommerce-loop-product__link\" style=\"text-decoration: none;\">\n        <img loading=\"lazy\" decoding=\"async\" width=\"390\" height=\"439\" src=\"https:\/\/shop-eu.lafabriquecornu.ch\/wp-content\/uploads\/img-produit-assortiment-palmiers.webp\" class=\"hello\" alt=\"ASSORTIMENT TOTALE DOUCEUR\" srcset=\"https:\/\/shop-eu.lafabriquecornu.ch\/wp-content\/uploads\/img-produit-assortiment-palmiers.webp 800w, https:\/\/shop-eu.lafabriquecornu.ch\/wp-content\/uploads\/img-produit-assortiment-palmiers-267x300.webp 267w, https:\/\/shop-eu.lafabriquecornu.ch\/wp-content\/uploads\/img-produit-assortiment-palmiers-768x864.webp 768w, https:\/\/shop-eu.lafabriquecornu.ch\/wp-content\/uploads\/img-produit-assortiment-palmiers-600x675.webp 600w\" sizes=\"auto, (max-width: 390px) 100vw, 390px\" \/>\n        <div class=\"laf-featured-product-content\">\n            <h2 class=\"woocommerce-loop-product__title\">ASSORTIMENT TOTALE DOUCEUR<\/h2>\n            <span class=\"price\"><span class=\"woocommerce-Price-amount amount\"><bdi><span class=\"woocommerce-Price-amount amount\"><bdi><span class=\"woocommerce-Price-currencySymbol\">&euro;<\/span>&nbsp;13.00<\/bdi><\/span><\/bdi><\/span><\/span>\n        <\/div>\n    <\/a>\n<\/div>\n<\/div>\n<\/div>\n\n\n\n<div class=\"wp-block-columns is-layout-flex wp-container-core-columns-is-layout-9d6595d7 wp-block-columns-is-layout-flex\">\n<div class=\"wp-block-column is-layout-flow wp-block-column-is-layout-flow\" style=\"flex-basis:50%\">\n<div class=\"wp-block-columns are-vertically-aligned-center laf-block-shop-dark laf-bloc-content is-layout-flex wp-container-core-columns-is-layout-9d6595d7 wp-block-columns-is-layout-flex\">\n<div class=\"wp-block-column is-vertically-aligned-center is-layout-flow wp-block-column-is-layout-flow\">\n<h4 class=\"wp-block-heading\">OFFRE SP\u00c9CIALE<\/h4>\n\n\n\n<h2 class=\"wp-block-heading\">BO\u00ceTES CADEAUX<\/h2>\n\n\n\n<p>D\u00e9couvrez nos assortiments \u00e0 offrir et d\u00e9gustez en famille ou entre amis.<\/p>\n\n\n\n<div class=\"wp-block-buttons is-layout-flex wp-block-buttons-is-layout-flex\">\n<div class=\"wp-block-button\"><a class=\"wp-block-button__link wp-element-button\" href=\"\/categorie-produit\/assortiments\/\">voir<\/a><\/div>\n<\/div>\n<\/div>\n\n\n\n<div class=\"wp-block-column is-vertically-aligned-center is-layout-flow wp-block-column-is-layout-flow\"><div class=\"wp-block-image\">\n<figure class=\"aligncenter size-full\"><img decoding=\"async\" src=\"https:\/\/shop-ch.lafabriquecornu.ch\/wp-content\/uploads\/lafabrique-shop-gamme-produits.webp\" alt=\"Gamme de produits La Fabrique\" class=\"wp-image-120\"\/><\/figure>\n<\/div><\/div>\n<\/div>\n<\/div>\n\n\n\n<div class=\"wp-block-column is-layout-flow wp-block-column-is-layout-flow\"><div class=\"products product laf-featured-product\">\n    <a href=\"https:\/\/shop-eu.lafabriquecornu.ch\/fr\/produit\/palmiers-vanille-madagascar\/\" class=\"woocommerce-LoopProduct-link woocommerce-loop-product__link\" style=\"text-decoration: none;\">\n        <img loading=\"lazy\" decoding=\"async\" width=\"390\" height=\"439\" src=\"https:\/\/shop-eu.lafabriquecornu.ch\/wp-content\/uploads\/face_palmiers-vanille-madagascar-1-390x439.png\" class=\"hello\" alt=\"Palmier vanille Madagascar - La Fabrique\" srcset=\"https:\/\/shop-eu.lafabriquecornu.ch\/wp-content\/uploads\/face_palmiers-vanille-madagascar-1-390x439.png 390w, https:\/\/shop-eu.lafabriquecornu.ch\/wp-content\/uploads\/face_palmiers-vanille-madagascar-1-267x300.png 267w, https:\/\/shop-eu.lafabriquecornu.ch\/wp-content\/uploads\/face_palmiers-vanille-madagascar-1-768x864.png 768w, https:\/\/shop-eu.lafabriquecornu.ch\/wp-content\/uploads\/face_palmiers-vanille-madagascar-1-600x675.png 600w, https:\/\/shop-eu.lafabriquecornu.ch\/wp-content\/uploads\/face_palmiers-vanille-madagascar-1.png 800w\" sizes=\"auto, (max-width: 390px) 100vw, 390px\" \/>\n        <div class=\"laf-featured-product-content\">\n            <h2 class=\"woocommerce-loop-product__title\">Palmier vanille de Madagascar<\/h2>\n            <span class=\"price\"><span class=\"woocommerce-Price-amount amount\"><bdi><span class=\"woocommerce-Price-amount amount\"><bdi><span class=\"woocommerce-Price-currencySymbol\">&euro;<\/span>&nbsp;3.20<\/bdi><\/span><\/bdi><\/span><\/span>\n        <\/div>\n    <\/a>\n<\/div>\n<\/div>\n\n\n\n<div class=\"wp-block-column is-layout-flow wp-block-column-is-layout-flow\">\n\n<div class=\"products product laf-featured-product\">\n    <a href=\"https:\/\/shop-eu.lafabriquecornu.ch\/fr\/produit\/bretzel-sel\/\" class=\"woocommerce-LoopProduct-link woocommerce-loop-product__link\" style=\"text-decoration: none;\">\n        <img loading=\"lazy\" decoding=\"async\" width=\"390\" height=\"439\" src=\"https:\/\/shop-eu.lafabriquecornu.ch\/wp-content\/uploads\/face_bretzel2-1-390x439.webp\" class=\"hello\" alt=\"Bretzel au sel\" srcset=\"https:\/\/shop-eu.lafabriquecornu.ch\/wp-content\/uploads\/face_bretzel2-1-390x439.webp 390w, https:\/\/shop-eu.lafabriquecornu.ch\/wp-content\/uploads\/face_bretzel2-1-267x300.webp 267w, https:\/\/shop-eu.lafabriquecornu.ch\/wp-content\/uploads\/face_bretzel2-1-768x864.webp 768w, https:\/\/shop-eu.lafabriquecornu.ch\/wp-content\/uploads\/face_bretzel2-1-600x675.webp 600w, https:\/\/shop-eu.lafabriquecornu.ch\/wp-content\/uploads\/face_bretzel2-1.webp 800w\" sizes=\"auto, (max-width: 390px) 100vw, 390px\" \/>\n        <div class=\"laf-featured-product-content\">\n            <h2 class=\"woocommerce-loop-product__title\">Bretzel au sel<\/h2>\n            <span class=\"price\"><span class=\"woocommerce-Price-amount amount\"><bdi><span class=\"woocommerce-Price-amount amount\"><bdi><span class=\"woocommerce-Price-currencySymbol\">&euro;<\/span>&nbsp;2.35<\/bdi><\/span><\/bdi><\/span><\/span>\n        <\/div>\n    <\/a>\n<\/div>\n<\/div>\n<\/div>\n","protected":false},"excerpt":{"rendered":"<p>OFFRE SP\u00c9CIALE BO\u00ceTES CADEAUX D\u00e9couvrez nos assortiments \u00e0 offrir et d\u00e9gustez en famille ou entre amis.<\/p>\n","protected":false},"author":1,"featured_media":0,"parent":0,"menu_order":0,"comment_status":"closed","ping_status":"closed","template":"","meta":{"footnotes":""},"class_list":["post-25","page","type-page","status-publish","hentry"],"featured_image_src":null,"yoast_head":"<!-- This site is optimized with the Yoast SEO plugin v27.5 - https:\/\/yoast.com\/product\/yoast-seo-wordpress\/ -->\n<title>Accueil - La Fabrique Cornu Shop Europe<\/title>\n<meta name=\"robots\" content=\"index, follow, max-snippet:-1, max-image-preview:large, max-video-preview:-1\" \/>\n<link rel=\"canonical\" href=\"https:\/\/shop-eu.lafabriquecornu.ch\/fr\/\" \/>\n<meta property=\"og:locale\" content=\"fr_FR\" \/>\n<meta property=\"og:type\" content=\"article\" \/>\n<meta property=\"og:title\" content=\"Accueil - La Fabrique Cornu Shop Europe\" \/>\n<meta property=\"og:description\" content=\"OFFRE SP\u00c9CIALE BO\u00ceTES CADEAUX D\u00e9couvrez nos assortiments \u00e0 offrir et d\u00e9gustez en famille ou entre amis.\" \/>\n<meta property=\"og:url\" content=\"https:\/\/shop-eu.lafabriquecornu.ch\/fr\/\" \/>\n<meta property=\"og:site_name\" content=\"La Fabrique Cornu Shop Europe\" \/>\n<meta property=\"article:publisher\" content=\"https:\/\/facebook.com\/lafabriquecornu\" \/>\n<meta property=\"article:modified_time\" content=\"2026-01-09T10:39:13+00:00\" \/>\n<meta property=\"og:image\" content=\"https:\/\/shop-ch.lafabriquecornu.ch\/wp-content\/uploads\/lafabrique-shop-gamme-produits.webp\" \/>\n<meta name=\"twitter:card\" content=\"summary_large_image\" \/>\n<meta name=\"twitter:label1\" content=\"Dur\u00e9e de lecture estim\u00e9e\" \/>\n\t<meta name=\"twitter:data1\" content=\"1 minute\" \/>\n<script type=\"application\/ld+json\" class=\"yoast-schema-graph\">{\"@context\":\"https:\\\/\\\/schema.org\",\"@graph\":[{\"@type\":\"WebPage\",\"@id\":\"https:\\\/\\\/shop-eu.lafabriquecornu.ch\\\/fr\\\/\",\"url\":\"https:\\\/\\\/shop-eu.lafabriquecornu.ch\\\/fr\\\/\",\"name\":\"Accueil - La Fabrique Cornu Shop Europe\",\"isPartOf\":{\"@id\":\"https:\\\/\\\/shop-eu.lafabriquecornu.ch\\\/fr\\\/#website\"},\"primaryImageOfPage\":{\"@id\":\"https:\\\/\\\/shop-eu.lafabriquecornu.ch\\\/fr\\\/#primaryimage\"},\"image\":{\"@id\":\"https:\\\/\\\/shop-eu.lafabriquecornu.ch\\\/fr\\\/#primaryimage\"},\"thumbnailUrl\":\"https:\\\/\\\/shop-ch.lafabriquecornu.ch\\\/wp-content\\\/uploads\\\/lafabrique-shop-gamme-produits.webp\",\"datePublished\":\"2024-01-08T17:40:05+00:00\",\"dateModified\":\"2026-01-09T10:39:13+00:00\",\"breadcrumb\":{\"@id\":\"https:\\\/\\\/shop-eu.lafabriquecornu.ch\\\/fr\\\/#breadcrumb\"},\"inLanguage\":\"fr-FR\",\"potentialAction\":[{\"@type\":\"ReadAction\",\"target\":[\"https:\\\/\\\/shop-eu.lafabriquecornu.ch\\\/fr\\\/\"]}]},{\"@type\":\"ImageObject\",\"inLanguage\":\"fr-FR\",\"@id\":\"https:\\\/\\\/shop-eu.lafabriquecornu.ch\\\/fr\\\/#primaryimage\",\"url\":\"https:\\\/\\\/shop-ch.lafabriquecornu.ch\\\/wp-content\\\/uploads\\\/lafabrique-shop-gamme-produits.webp\",\"contentUrl\":\"https:\\\/\\\/shop-ch.lafabriquecornu.ch\\\/wp-content\\\/uploads\\\/lafabrique-shop-gamme-produits.webp\"},{\"@type\":\"BreadcrumbList\",\"@id\":\"https:\\\/\\\/shop-eu.lafabriquecornu.ch\\\/fr\\\/#breadcrumb\",\"itemListElement\":[{\"@type\":\"ListItem\",\"position\":1,\"name\":\"Accueil\",\"item\":\"https:\\\/\\\/shop-eu.lafabriquecornu.ch\\\/fr\\\/\"},{\"@type\":\"ListItem\",\"position\":2,\"name\":\"Accueil\"}]},{\"@type\":\"WebSite\",\"@id\":\"https:\\\/\\\/shop-eu.lafabriquecornu.ch\\\/fr\\\/#website\",\"url\":\"https:\\\/\\\/shop-eu.lafabriquecornu.ch\\\/fr\\\/\",\"name\":\"La Fabrique Cornu\",\"description\":\"\",\"publisher\":{\"@id\":\"https:\\\/\\\/shop-eu.lafabriquecornu.ch\\\/fr\\\/#organization\"},\"potentialAction\":[{\"@type\":\"SearchAction\",\"target\":{\"@type\":\"EntryPoint\",\"urlTemplate\":\"https:\\\/\\\/shop-eu.lafabriquecornu.ch\\\/fr\\\/?s={search_term_string}\"},\"query-input\":{\"@type\":\"PropertyValueSpecification\",\"valueRequired\":true,\"valueName\":\"search_term_string\"}}],\"inLanguage\":\"fr-FR\"},{\"@type\":\"Organization\",\"@id\":\"https:\\\/\\\/shop-eu.lafabriquecornu.ch\\\/fr\\\/#organization\",\"name\":\"La Fabrique Cornu\",\"url\":\"https:\\\/\\\/shop-eu.lafabriquecornu.ch\\\/fr\\\/\",\"logo\":{\"@type\":\"ImageObject\",\"inLanguage\":\"fr-FR\",\"@id\":\"https:\\\/\\\/shop-eu.lafabriquecornu.ch\\\/fr\\\/#\\\/schema\\\/logo\\\/image\\\/\",\"url\":\"https:\\\/\\\/shop-eu.lafabriquecornu.ch\\\/wp-content\\\/uploads\\\/lafabrique-logo.svg\",\"contentUrl\":\"https:\\\/\\\/shop-eu.lafabriquecornu.ch\\\/wp-content\\\/uploads\\\/lafabrique-logo.svg\",\"width\":1,\"height\":1,\"caption\":\"La Fabrique Cornu\"},\"image\":{\"@id\":\"https:\\\/\\\/shop-eu.lafabriquecornu.ch\\\/fr\\\/#\\\/schema\\\/logo\\\/image\\\/\"},\"sameAs\":[\"https:\\\/\\\/facebook.com\\\/lafabriquecornu\",\"https:\\\/\\\/www.instagram.com\\\/lafabriquech\",\"https:\\\/\\\/www.youtube.com\\\/@lafabrique-museeinteractif4254\"]}]}<\/script>\n<!-- \/ Yoast SEO plugin. -->","yoast_head_json":{"title":"Accueil - La Fabrique Cornu Shop Europe","robots":{"index":"index","follow":"follow","max-snippet":"max-snippet:-1","max-image-preview":"max-image-preview:large","max-video-preview":"max-video-preview:-1"},"canonical":"https:\/\/shop-eu.lafabriquecornu.ch\/fr\/","og_locale":"fr_FR","og_type":"article","og_title":"Accueil - La Fabrique Cornu Shop Europe","og_description":"OFFRE SP\u00c9CIALE BO\u00ceTES CADEAUX D\u00e9couvrez nos assortiments \u00e0 offrir et d\u00e9gustez en famille ou entre amis.","og_url":"https:\/\/shop-eu.lafabriquecornu.ch\/fr\/","og_site_name":"La Fabrique Cornu Shop Europe","article_publisher":"https:\/\/facebook.com\/lafabriquecornu","article_modified_time":"2026-01-09T10:39:13+00:00","og_image":[{"url":"https:\/\/shop-ch.lafabriquecornu.ch\/wp-content\/uploads\/lafabrique-shop-gamme-produits.webp","type":"","width":"","height":""}],"twitter_card":"summary_large_image","twitter_misc":{"Dur\u00e9e de lecture estim\u00e9e":"1 minute"},"schema":{"@context":"https:\/\/schema.org","@graph":[{"@type":"WebPage","@id":"https:\/\/shop-eu.lafabriquecornu.ch\/fr\/","url":"https:\/\/shop-eu.lafabriquecornu.ch\/fr\/","name":"Accueil - La Fabrique Cornu Shop Europe","isPartOf":{"@id":"https:\/\/shop-eu.lafabriquecornu.ch\/fr\/#website"},"primaryImageOfPage":{"@id":"https:\/\/shop-eu.lafabriquecornu.ch\/fr\/#primaryimage"},"image":{"@id":"https:\/\/shop-eu.lafabriquecornu.ch\/fr\/#primaryimage"},"thumbnailUrl":"https:\/\/shop-ch.lafabriquecornu.ch\/wp-content\/uploads\/lafabrique-shop-gamme-produits.webp","datePublished":"2024-01-08T17:40:05+00:00","dateModified":"2026-01-09T10:39:13+00:00","breadcrumb":{"@id":"https:\/\/shop-eu.lafabriquecornu.ch\/fr\/#breadcrumb"},"inLanguage":"fr-FR","potentialAction":[{"@type":"ReadAction","target":["https:\/\/shop-eu.lafabriquecornu.ch\/fr\/"]}]},{"@type":"ImageObject","inLanguage":"fr-FR","@id":"https:\/\/shop-eu.lafabriquecornu.ch\/fr\/#primaryimage","url":"https:\/\/shop-ch.lafabriquecornu.ch\/wp-content\/uploads\/lafabrique-shop-gamme-produits.webp","contentUrl":"https:\/\/shop-ch.lafabriquecornu.ch\/wp-content\/uploads\/lafabrique-shop-gamme-produits.webp"},{"@type":"BreadcrumbList","@id":"https:\/\/shop-eu.lafabriquecornu.ch\/fr\/#breadcrumb","itemListElement":[{"@type":"ListItem","position":1,"name":"Accueil","item":"https:\/\/shop-eu.lafabriquecornu.ch\/fr\/"},{"@type":"ListItem","position":2,"name":"Accueil"}]},{"@type":"WebSite","@id":"https:\/\/shop-eu.lafabriquecornu.ch\/fr\/#website","url":"https:\/\/shop-eu.lafabriquecornu.ch\/fr\/","name":"La Fabrique Cornu","description":"","publisher":{"@id":"https:\/\/shop-eu.lafabriquecornu.ch\/fr\/#organization"},"potentialAction":[{"@type":"SearchAction","target":{"@type":"EntryPoint","urlTemplate":"https:\/\/shop-eu.lafabriquecornu.ch\/fr\/?s={search_term_string}"},"query-input":{"@type":"PropertyValueSpecification","valueRequired":true,"valueName":"search_term_string"}}],"inLanguage":"fr-FR"},{"@type":"Organization","@id":"https:\/\/shop-eu.lafabriquecornu.ch\/fr\/#organization","name":"La Fabrique Cornu","url":"https:\/\/shop-eu.lafabriquecornu.ch\/fr\/","logo":{"@type":"ImageObject","inLanguage":"fr-FR","@id":"https:\/\/shop-eu.lafabriquecornu.ch\/fr\/#\/schema\/logo\/image\/","url":"https:\/\/shop-eu.lafabriquecornu.ch\/wp-content\/uploads\/lafabrique-logo.svg","contentUrl":"https:\/\/shop-eu.lafabriquecornu.ch\/wp-content\/uploads\/lafabrique-logo.svg","width":1,"height":1,"caption":"La Fabrique Cornu"},"image":{"@id":"https:\/\/shop-eu.lafabriquecornu.ch\/fr\/#\/schema\/logo\/image\/"},"sameAs":["https:\/\/facebook.com\/lafabriquecornu","https:\/\/www.instagram.com\/lafabriquech","https:\/\/www.youtube.com\/@lafabrique-museeinteractif4254"]}]}},"_links":{"self":[{"href":"https:\/\/shop-eu.lafabriquecornu.ch\/fr\/wp-json\/wp\/v2\/pages\/25","targetHints":{"allow":["GET"]}}],"collection":[{"href":"https:\/\/shop-eu.lafabriquecornu.ch\/fr\/wp-json\/wp\/v2\/pages"}],"about":[{"href":"https:\/\/shop-eu.lafabriquecornu.ch\/fr\/wp-json\/wp\/v2\/types\/page"}],"author":[{"embeddable":true,"href":"https:\/\/shop-eu.lafabriquecornu.ch\/fr\/wp-json\/wp\/v2\/users\/1"}],"replies":[{"embeddable":true,"href":"https:\/\/shop-eu.lafabriquecornu.ch\/fr\/wp-json\/wp\/v2\/comments?post=25"}],"version-history":[{"count":7,"href":"https:\/\/shop-eu.lafabriquecornu.ch\/fr\/wp-json\/wp\/v2\/pages\/25\/revisions"}],"predecessor-version":[{"id":6598,"href":"https:\/\/shop-eu.lafabriquecornu.ch\/fr\/wp-json\/wp\/v2\/pages\/25\/revisions\/6598"}],"wp:attachment":[{"href":"https:\/\/shop-eu.lafabriquecornu.ch\/fr\/wp-json\/wp\/v2\/media?parent=25"}],"curies":[{"name":"wp","href":"https:\/\/api.w.org\/{rel}","templated":true}]}}