{"id":1711,"date":"2024-03-04T10:33:15","date_gmt":"2024-03-04T09:33:15","guid":{"rendered":"https:\/\/shop-ch.lafabriquecornu.ch\/?post_type=product&#038;p=1711"},"modified":"2026-04-16T17:04:24","modified_gmt":"2026-04-16T15:04:24","slug":"twist-gruyere-bio","status":"publish","type":"product","link":"https:\/\/shop-eu.lafabriquecornu.ch\/fr\/produit\/twist-gruyere-bio\/","title":{"rendered":"Twist au gruy\u00e8re bio"},"content":{"rendered":"<div class=\"wp-block-ub-content-toggle padding-top-l wp-block-ub-content-toggle-block\" id=\"ub-content-toggle-block-73ee42d5-fc31-43ac-a786-ad4bcb657064\" data-mobilecollapse=\"true\" data-desktopcollapse=\"true\" data-preventcollapse=\"false\" data-showonlyone=\"false\">\n<div class=\"wp-block-ub-content-toggle-accordion\" style=\"border-color: #f1f1f1; \" id=\"ub-content-toggle-panel-block-9ae0fe19-9d38-4c62-9661-b30e030dd71e\">\n\t\t\t<div class=\"wp-block-ub-content-toggle-accordion-title-wrap\" style=\"background-color: #f1f1f1;\" aria-controls=\"ub-content-toggle-panel-0-73ee42d5-fc31-43ac-a786-ad4bcb657064\" tabindex=\"0\">\n\t\t\t<p class=\"wp-block-ub-content-toggle-accordion-title ub-content-toggle-title-73ee42d5-fc31-43ac-a786-ad4bcb657064\" style=\"color: #000000; \">INGR\u00e9DIENTS<\/p>\n\t\t\t<div class=\"wp-block-ub-content-toggle-accordion-toggle-wrap right\" style=\"color: #000000;\"><span class=\"wp-block-ub-content-toggle-accordion-state-indicator wp-block-ub-chevron-down\"><\/span><\/div>\n\t\t<\/div>\n\t\t\t<div role=\"region\" aria-expanded=\"false\" class=\"wp-block-ub-content-toggle-accordion-content-wrap ub-hide\" id=\"ub-content-toggle-panel-0-73ee42d5-fc31-43ac-a786-ad4bcb657064\">\n\n<div class=\"wp-block-columns is-layout-flex wp-container-core-columns-is-layout-9d6595d7 wp-block-columns-is-layout-flex\">\n<div class=\"wp-block-column is-layout-flow wp-block-column-is-layout-flow\">\n<p>Farine de <strong>bl\u00e9<\/strong>, <strong>beurre<\/strong> 28%, <strong>fromage Gruy\u00e8re AOP<\/strong>* 10%, <strong>lait<\/strong> \u00e9cr\u00e9m\u00e9 en poudre, sel, levure, farine de malt d\u2019<strong>orge<\/strong>, sucre.<\/p>\n\n\n\n<p>(* produits issus de l\u2019agriculture biologique)<\/p>\n<\/div>\n<\/div>\n\n<\/div>\n\t\t<\/div>\n\n<div class=\"wp-block-ub-content-toggle-accordion\" style=\"border-color: #f1f1f1; \" id=\"ub-content-toggle-panel-block-b4afbbf7-0efd-4382-ab54-0964e6c39e22\">\n\t\t\t<div class=\"wp-block-ub-content-toggle-accordion-title-wrap\" style=\"background-color: #f1f1f1;\" aria-controls=\"ub-content-toggle-panel-1-73ee42d5-fc31-43ac-a786-ad4bcb657064\" tabindex=\"0\">\n\t\t\t<p class=\"wp-block-ub-content-toggle-accordion-title ub-content-toggle-title-73ee42d5-fc31-43ac-a786-ad4bcb657064\" style=\"color: #000000; \">DONN\u00c9ES NUTRITIONNELLES<\/p>\n\t\t\t<div class=\"wp-block-ub-content-toggle-accordion-toggle-wrap right\" style=\"color: #000000;\"><span class=\"wp-block-ub-content-toggle-accordion-state-indicator wp-block-ub-chevron-down\"><\/span><\/div>\n\t\t<\/div>\n\t\t\t<div role=\"region\" aria-expanded=\"false\" class=\"wp-block-ub-content-toggle-accordion-content-wrap ub-hide\" id=\"ub-content-toggle-panel-1-73ee42d5-fc31-43ac-a786-ad4bcb657064\">\n\n<figure class=\"wp-block-table\"><table><tbody><tr><th class=\"has-text-align-left\" data-align=\"left\"><strong>Valeurs \u00e9nerg\u00e9tiques et nutritionnelles\u00a0moyennes<\/strong><\/th><th class=\"has-text-align-left\" data-align=\"left\">100g<\/th><th class=\"has-text-align-left\" data-align=\"left\">20g<\/th><td><strong>AR*<\/strong><\/td><\/tr><tr><td class=\"has-text-align-left\" data-align=\"left\">Valeur \u00e9nerg\u00e9tique (kJ) \/ (kcal)<\/td><td class=\"has-text-align-left\" data-align=\"left\">2068\/494<\/td><td class=\"has-text-align-left\" data-align=\"left\">414\/99<\/td><td>5%<\/td><\/tr><tr><td class=\"has-text-align-left\" data-align=\"left\">Mati\u00e8res grasses\u00a0(g)<\/td><td class=\"has-text-align-left\" data-align=\"left\">25<\/td><td class=\"has-text-align-left\" data-align=\"left\">5<\/td><td>7%<\/td><\/tr><tr><td class=\"has-text-align-left\" data-align=\"left\">dont acides gras satur\u00e9s\u00a0(g)<\/td><td class=\"has-text-align-left\" data-align=\"left\">16<\/td><td class=\"has-text-align-left\" data-align=\"left\">3.2<\/td><td>16%<\/td><\/tr><tr><td class=\"has-text-align-left\" data-align=\"left\">Glucides\u00a0(g)<\/td><td class=\"has-text-align-left\" data-align=\"left\">53<\/td><td class=\"has-text-align-left\" data-align=\"left\">10.6<\/td><td>4%<\/td><\/tr><tr><td class=\"has-text-align-left\" data-align=\"left\">dont sucres\u00a0(g)<\/td><td class=\"has-text-align-left\" data-align=\"left\">3.3<\/td><td class=\"has-text-align-left\" data-align=\"left\">0.7<\/td><td>1%<\/td><\/tr><tr><td class=\"has-text-align-left\" data-align=\"left\">Fibres alimentaires\u00a0(g)<\/td><td class=\"has-text-align-left\" data-align=\"left\">2.6<\/td><td class=\"has-text-align-left\" data-align=\"left\">0.5<\/td><td>\u2013<\/td><\/tr><tr><td class=\"has-text-align-left\" data-align=\"left\">Prot\u00e9ines\u00a0(g)<\/td><td class=\"has-text-align-left\" data-align=\"left\">13<\/td><td class=\"has-text-align-left\" data-align=\"left\">2.6<\/td><td>5%<\/td><\/tr><tr><td class=\"has-text-align-left\" data-align=\"left\">Sel\u00a0(g)<\/td><td class=\"has-text-align-left\" data-align=\"left\">1.7<\/td><td class=\"has-text-align-left\" data-align=\"left\">0.34<\/td><td>6%<\/td><\/tr><\/tbody><\/table><\/figure>\n\n<\/div>\n\t\t<\/div>\n<\/div>","protected":false},"excerpt":{"rendered":"<p>Le Twist au Gruy\u00e8re AOP BIO est le r\u00e9sultat d\u2019un d\u00e9licieux alliage de p\u00e2te feuillet\u00e9e au beurre et de Gruy\u00e8re, un fromage suisse de grande qualit\u00e9. Ses torsades sont l\u2019\u0153uvre d\u2019un syst\u00e8me m\u00e9canique sp\u00e9cialement d\u00e9velopp\u00e9 par Cornu SA, qui se base sur plus de 80 ann\u00e9es d\u2019exp\u00e9rience dans la boulangerie fine.<\/p>\n<p><strong>Poids:<\/strong> 100g<\/p>\n","protected":false},"featured_media":1702,"template":"","meta":[],"product_brand":[],"product_cat":[35,34],"product_tag":[],"class_list":{"0":"post-1711","1":"product","2":"type-product","3":"status-publish","4":"has-post-thumbnail","6":"product_cat-bio","7":"product_cat-flutes","9":"first","10":"instock","11":"taxable","12":"shipping-taxable","13":"purchasable","14":"product-type-simple"},"yoast_head":"<!-- This site is optimized with the Yoast SEO plugin v27.5 - https:\/\/yoast.com\/product\/yoast-seo-wordpress\/ -->\n<title>Twist au gruy\u00e8re bio - La Fabrique Cornu Shop Europe<\/title>\n<meta name=\"description\" content=\"Le Twist au Gruy\u00e8re AOP BIO est le r\u00e9sultat d\u2019un d\u00e9licieux alliage de p\u00e2te feuillet\u00e9e au beurre et de Gruy\u00e8re, un fromage suisse de grande qualit\u00e9.\" \/>\n<meta name=\"robots\" content=\"index, follow, max-snippet:-1, max-image-preview:large, max-video-preview:-1\" \/>\n<link rel=\"canonical\" href=\"https:\/\/shop-eu.lafabriquecornu.ch\/fr\/produit\/twist-gruyere-bio\/\" \/>\n<meta property=\"og:locale\" content=\"fr_FR\" \/>\n<meta property=\"og:type\" content=\"article\" \/>\n<meta property=\"og:title\" content=\"Twist au gruy\u00e8re bio - La Fabrique Cornu Shop Europe\" \/>\n<meta property=\"og:description\" content=\"Le Twist au Gruy\u00e8re AOP BIO est le r\u00e9sultat d\u2019un d\u00e9licieux alliage de p\u00e2te feuillet\u00e9e au beurre et de Gruy\u00e8re, un fromage suisse de grande qualit\u00e9.\" \/>\n<meta property=\"og:url\" content=\"https:\/\/shop-eu.lafabriquecornu.ch\/fr\/produit\/twist-gruyere-bio\/\" \/>\n<meta property=\"og:site_name\" content=\"La Fabrique Cornu Shop Europe\" \/>\n<meta property=\"article:publisher\" content=\"https:\/\/facebook.com\/lafabriquecornu\" \/>\n<meta property=\"article:modified_time\" content=\"2026-04-16T15:04:24+00:00\" \/>\n<meta property=\"og:image\" content=\"https:\/\/shop-eu.lafabriquecornu.ch\/wp-content\/uploads\/face_twist-gruyere-bio-pastille.png\" \/>\n\t<meta property=\"og:image:width\" content=\"800\" \/>\n\t<meta property=\"og:image:height\" content=\"900\" \/>\n\t<meta property=\"og:image:type\" content=\"image\/png\" \/>\n<meta name=\"twitter:card\" content=\"summary_large_image\" \/>\n<meta name=\"twitter:label1\" content=\"Dur\u00e9e de lecture estim\u00e9e\" \/>\n\t<meta name=\"twitter:data1\" content=\"1 minute\" \/>\n<script type=\"application\/ld+json\" class=\"yoast-schema-graph\">{\"@context\":\"https:\\\/\\\/schema.org\",\"@graph\":[{\"@type\":\"WebPage\",\"@id\":\"https:\\\/\\\/shop-eu.lafabriquecornu.ch\\\/fr\\\/produit\\\/twist-gruyere-bio\\\/\",\"url\":\"https:\\\/\\\/shop-eu.lafabriquecornu.ch\\\/fr\\\/produit\\\/twist-gruyere-bio\\\/\",\"name\":\"Twist au gruy\u00e8re bio - La Fabrique Cornu Shop Europe\",\"isPartOf\":{\"@id\":\"https:\\\/\\\/shop-eu.lafabriquecornu.ch\\\/fr\\\/#website\"},\"primaryImageOfPage\":{\"@id\":\"https:\\\/\\\/shop-eu.lafabriquecornu.ch\\\/fr\\\/produit\\\/twist-gruyere-bio\\\/#primaryimage\"},\"image\":{\"@id\":\"https:\\\/\\\/shop-eu.lafabriquecornu.ch\\\/fr\\\/produit\\\/twist-gruyere-bio\\\/#primaryimage\"},\"thumbnailUrl\":\"https:\\\/\\\/shop-eu.lafabriquecornu.ch\\\/wp-content\\\/uploads\\\/face_twist-gruyere-bio-pastille.png\",\"datePublished\":\"2024-03-04T09:33:15+00:00\",\"dateModified\":\"2026-04-16T15:04:24+00:00\",\"description\":\"Le Twist au Gruy\u00e8re AOP BIO est le r\u00e9sultat d\u2019un d\u00e9licieux alliage de p\u00e2te feuillet\u00e9e au beurre et de Gruy\u00e8re, un fromage suisse de grande qualit\u00e9.\",\"breadcrumb\":{\"@id\":\"https:\\\/\\\/shop-eu.lafabriquecornu.ch\\\/fr\\\/produit\\\/twist-gruyere-bio\\\/#breadcrumb\"},\"inLanguage\":\"fr-FR\",\"potentialAction\":[{\"@type\":\"ReadAction\",\"target\":[\"https:\\\/\\\/shop-eu.lafabriquecornu.ch\\\/fr\\\/produit\\\/twist-gruyere-bio\\\/\"]}]},{\"@type\":\"ImageObject\",\"inLanguage\":\"fr-FR\",\"@id\":\"https:\\\/\\\/shop-eu.lafabriquecornu.ch\\\/fr\\\/produit\\\/twist-gruyere-bio\\\/#primaryimage\",\"url\":\"https:\\\/\\\/shop-eu.lafabriquecornu.ch\\\/wp-content\\\/uploads\\\/face_twist-gruyere-bio-pastille.png\",\"contentUrl\":\"https:\\\/\\\/shop-eu.lafabriquecornu.ch\\\/wp-content\\\/uploads\\\/face_twist-gruyere-bio-pastille.png\",\"width\":800,\"height\":900,\"caption\":\"twist gruy\u00e8re bio\"},{\"@type\":\"BreadcrumbList\",\"@id\":\"https:\\\/\\\/shop-eu.lafabriquecornu.ch\\\/fr\\\/produit\\\/twist-gruyere-bio\\\/#breadcrumb\",\"itemListElement\":[{\"@type\":\"ListItem\",\"position\":1,\"name\":\"Accueil\",\"item\":\"https:\\\/\\\/shop-eu.lafabriquecornu.ch\\\/fr\\\/\"},{\"@type\":\"ListItem\",\"position\":2,\"name\":\"Tous les produits\",\"item\":\"https:\\\/\\\/shop-eu.lafabriquecornu.ch\\\/fr\\\/boutique\\\/\"},{\"@type\":\"ListItem\",\"position\":3,\"name\":\"Twist au gruy\u00e8re bio\"}]},{\"@type\":\"WebSite\",\"@id\":\"https:\\\/\\\/shop-eu.lafabriquecornu.ch\\\/fr\\\/#website\",\"url\":\"https:\\\/\\\/shop-eu.lafabriquecornu.ch\\\/fr\\\/\",\"name\":\"La Fabrique Cornu\",\"description\":\"\",\"publisher\":{\"@id\":\"https:\\\/\\\/shop-eu.lafabriquecornu.ch\\\/fr\\\/#organization\"},\"potentialAction\":[{\"@type\":\"SearchAction\",\"target\":{\"@type\":\"EntryPoint\",\"urlTemplate\":\"https:\\\/\\\/shop-eu.lafabriquecornu.ch\\\/fr\\\/?s={search_term_string}\"},\"query-input\":{\"@type\":\"PropertyValueSpecification\",\"valueRequired\":true,\"valueName\":\"search_term_string\"}}],\"inLanguage\":\"fr-FR\"},{\"@type\":\"Organization\",\"@id\":\"https:\\\/\\\/shop-eu.lafabriquecornu.ch\\\/fr\\\/#organization\",\"name\":\"La Fabrique Cornu\",\"url\":\"https:\\\/\\\/shop-eu.lafabriquecornu.ch\\\/fr\\\/\",\"logo\":{\"@type\":\"ImageObject\",\"inLanguage\":\"fr-FR\",\"@id\":\"https:\\\/\\\/shop-eu.lafabriquecornu.ch\\\/fr\\\/#\\\/schema\\\/logo\\\/image\\\/\",\"url\":\"https:\\\/\\\/shop-eu.lafabriquecornu.ch\\\/wp-content\\\/uploads\\\/lafabrique-logo.svg\",\"contentUrl\":\"https:\\\/\\\/shop-eu.lafabriquecornu.ch\\\/wp-content\\\/uploads\\\/lafabrique-logo.svg\",\"width\":1,\"height\":1,\"caption\":\"La Fabrique Cornu\"},\"image\":{\"@id\":\"https:\\\/\\\/shop-eu.lafabriquecornu.ch\\\/fr\\\/#\\\/schema\\\/logo\\\/image\\\/\"},\"sameAs\":[\"https:\\\/\\\/facebook.com\\\/lafabriquecornu\",\"https:\\\/\\\/www.instagram.com\\\/lafabriquech\",\"https:\\\/\\\/www.youtube.com\\\/@lafabrique-museeinteractif4254\"]}]}<\/script>\n<!-- \/ Yoast SEO plugin. -->","yoast_head_json":{"title":"Twist au gruy\u00e8re bio - La Fabrique Cornu Shop Europe","description":"Le Twist au Gruy\u00e8re AOP BIO est le r\u00e9sultat d\u2019un d\u00e9licieux alliage de p\u00e2te feuillet\u00e9e au beurre et de Gruy\u00e8re, un fromage suisse de grande qualit\u00e9.","robots":{"index":"index","follow":"follow","max-snippet":"max-snippet:-1","max-image-preview":"max-image-preview:large","max-video-preview":"max-video-preview:-1"},"canonical":"https:\/\/shop-eu.lafabriquecornu.ch\/fr\/produit\/twist-gruyere-bio\/","og_locale":"fr_FR","og_type":"article","og_title":"Twist au gruy\u00e8re bio - La Fabrique Cornu Shop Europe","og_description":"Le Twist au Gruy\u00e8re AOP BIO est le r\u00e9sultat d\u2019un d\u00e9licieux alliage de p\u00e2te feuillet\u00e9e au beurre et de Gruy\u00e8re, un fromage suisse de grande qualit\u00e9.","og_url":"https:\/\/shop-eu.lafabriquecornu.ch\/fr\/produit\/twist-gruyere-bio\/","og_site_name":"La Fabrique Cornu Shop Europe","article_publisher":"https:\/\/facebook.com\/lafabriquecornu","article_modified_time":"2026-04-16T15:04:24+00:00","og_image":[{"width":800,"height":900,"url":"https:\/\/shop-eu.lafabriquecornu.ch\/wp-content\/uploads\/face_twist-gruyere-bio-pastille.png","type":"image\/png"}],"twitter_card":"summary_large_image","twitter_misc":{"Dur\u00e9e de lecture estim\u00e9e":"1 minute"},"schema":{"@context":"https:\/\/schema.org","@graph":[{"@type":"WebPage","@id":"https:\/\/shop-eu.lafabriquecornu.ch\/fr\/produit\/twist-gruyere-bio\/","url":"https:\/\/shop-eu.lafabriquecornu.ch\/fr\/produit\/twist-gruyere-bio\/","name":"Twist au gruy\u00e8re bio - La Fabrique Cornu Shop Europe","isPartOf":{"@id":"https:\/\/shop-eu.lafabriquecornu.ch\/fr\/#website"},"primaryImageOfPage":{"@id":"https:\/\/shop-eu.lafabriquecornu.ch\/fr\/produit\/twist-gruyere-bio\/#primaryimage"},"image":{"@id":"https:\/\/shop-eu.lafabriquecornu.ch\/fr\/produit\/twist-gruyere-bio\/#primaryimage"},"thumbnailUrl":"https:\/\/shop-eu.lafabriquecornu.ch\/wp-content\/uploads\/face_twist-gruyere-bio-pastille.png","datePublished":"2024-03-04T09:33:15+00:00","dateModified":"2026-04-16T15:04:24+00:00","description":"Le Twist au Gruy\u00e8re AOP BIO est le r\u00e9sultat d\u2019un d\u00e9licieux alliage de p\u00e2te feuillet\u00e9e au beurre et de Gruy\u00e8re, un fromage suisse de grande qualit\u00e9.","breadcrumb":{"@id":"https:\/\/shop-eu.lafabriquecornu.ch\/fr\/produit\/twist-gruyere-bio\/#breadcrumb"},"inLanguage":"fr-FR","potentialAction":[{"@type":"ReadAction","target":["https:\/\/shop-eu.lafabriquecornu.ch\/fr\/produit\/twist-gruyere-bio\/"]}]},{"@type":"ImageObject","inLanguage":"fr-FR","@id":"https:\/\/shop-eu.lafabriquecornu.ch\/fr\/produit\/twist-gruyere-bio\/#primaryimage","url":"https:\/\/shop-eu.lafabriquecornu.ch\/wp-content\/uploads\/face_twist-gruyere-bio-pastille.png","contentUrl":"https:\/\/shop-eu.lafabriquecornu.ch\/wp-content\/uploads\/face_twist-gruyere-bio-pastille.png","width":800,"height":900,"caption":"twist gruy\u00e8re bio"},{"@type":"BreadcrumbList","@id":"https:\/\/shop-eu.lafabriquecornu.ch\/fr\/produit\/twist-gruyere-bio\/#breadcrumb","itemListElement":[{"@type":"ListItem","position":1,"name":"Accueil","item":"https:\/\/shop-eu.lafabriquecornu.ch\/fr\/"},{"@type":"ListItem","position":2,"name":"Tous les produits","item":"https:\/\/shop-eu.lafabriquecornu.ch\/fr\/boutique\/"},{"@type":"ListItem","position":3,"name":"Twist au gruy\u00e8re bio"}]},{"@type":"WebSite","@id":"https:\/\/shop-eu.lafabriquecornu.ch\/fr\/#website","url":"https:\/\/shop-eu.lafabriquecornu.ch\/fr\/","name":"La Fabrique Cornu","description":"","publisher":{"@id":"https:\/\/shop-eu.lafabriquecornu.ch\/fr\/#organization"},"potentialAction":[{"@type":"SearchAction","target":{"@type":"EntryPoint","urlTemplate":"https:\/\/shop-eu.lafabriquecornu.ch\/fr\/?s={search_term_string}"},"query-input":{"@type":"PropertyValueSpecification","valueRequired":true,"valueName":"search_term_string"}}],"inLanguage":"fr-FR"},{"@type":"Organization","@id":"https:\/\/shop-eu.lafabriquecornu.ch\/fr\/#organization","name":"La Fabrique Cornu","url":"https:\/\/shop-eu.lafabriquecornu.ch\/fr\/","logo":{"@type":"ImageObject","inLanguage":"fr-FR","@id":"https:\/\/shop-eu.lafabriquecornu.ch\/fr\/#\/schema\/logo\/image\/","url":"https:\/\/shop-eu.lafabriquecornu.ch\/wp-content\/uploads\/lafabrique-logo.svg","contentUrl":"https:\/\/shop-eu.lafabriquecornu.ch\/wp-content\/uploads\/lafabrique-logo.svg","width":1,"height":1,"caption":"La Fabrique Cornu"},"image":{"@id":"https:\/\/shop-eu.lafabriquecornu.ch\/fr\/#\/schema\/logo\/image\/"},"sameAs":["https:\/\/facebook.com\/lafabriquecornu","https:\/\/www.instagram.com\/lafabriquech","https:\/\/www.youtube.com\/@lafabrique-museeinteractif4254"]}]}},"_links":{"self":[{"href":"https:\/\/shop-eu.lafabriquecornu.ch\/fr\/wp-json\/wp\/v2\/product\/1711","targetHints":{"allow":["GET"]}}],"collection":[{"href":"https:\/\/shop-eu.lafabriquecornu.ch\/fr\/wp-json\/wp\/v2\/product"}],"about":[{"href":"https:\/\/shop-eu.lafabriquecornu.ch\/fr\/wp-json\/wp\/v2\/types\/product"}],"wp:featuredmedia":[{"embeddable":true,"href":"https:\/\/shop-eu.lafabriquecornu.ch\/fr\/wp-json\/wp\/v2\/media\/1702"}],"wp:attachment":[{"href":"https:\/\/shop-eu.lafabriquecornu.ch\/fr\/wp-json\/wp\/v2\/media?parent=1711"}],"wp:term":[{"taxonomy":"product_brand","embeddable":true,"href":"https:\/\/shop-eu.lafabriquecornu.ch\/fr\/wp-json\/wp\/v2\/product_brand?post=1711"},{"taxonomy":"product_cat","embeddable":true,"href":"https:\/\/shop-eu.lafabriquecornu.ch\/fr\/wp-json\/wp\/v2\/product_cat?post=1711"},{"taxonomy":"product_tag","embeddable":true,"href":"https:\/\/shop-eu.lafabriquecornu.ch\/fr\/wp-json\/wp\/v2\/product_tag?post=1711"}],"curies":[{"name":"wp","href":"https:\/\/api.w.org\/{rel}","templated":true}]}}