{"id":1855,"date":"2024-03-04T10:33:12","date_gmt":"2024-03-04T09:33:12","guid":{"rendered":"https:\/\/shop-ch.lafabriquecornu.ch\/?post_type=product&#038;p=1855"},"modified":"2025-12-17T00:49:21","modified_gmt":"2025-12-16T23:49:21","slug":"flutes-sesame","status":"publish","type":"product","link":"https:\/\/shop-eu.lafabriquecornu.ch\/fr\/produit\/flutes-sesame\/","title":{"rendered":"Fl\u00fbtes au s\u00e9same"},"content":{"rendered":"<div class=\"wp-block-ub-content-toggle padding-top-l wp-block-ub-content-toggle-block\" id=\"ub-content-toggle-block-d9e8bc7e-cf26-4f15-81a6-22881f33bd4e\" data-mobilecollapse=\"true\" data-desktopcollapse=\"true\" data-preventcollapse=\"false\" data-showonlyone=\"false\">\n<div class=\"wp-block-ub-content-toggle-accordion\" style=\"border-color: #f1f1f1; \" id=\"ub-content-toggle-panel-block-e0dc7e6b-7a08-470e-9366-d151b029214e\">\n\t\t\t<div class=\"wp-block-ub-content-toggle-accordion-title-wrap\" style=\"background-color: #f1f1f1;\" aria-controls=\"ub-content-toggle-panel-0-d9e8bc7e-cf26-4f15-81a6-22881f33bd4e\" tabindex=\"0\">\n\t\t\t<p class=\"wp-block-ub-content-toggle-accordion-title ub-content-toggle-title-d9e8bc7e-cf26-4f15-81a6-22881f33bd4e\" style=\"color: #000000; \">INGR\u00e9DIENTS<\/p>\n\t\t\t<div class=\"wp-block-ub-content-toggle-accordion-toggle-wrap right\" style=\"color: #000000;\"><span class=\"wp-block-ub-content-toggle-accordion-state-indicator wp-block-ub-chevron-down\"><\/span><\/div>\n\t\t<\/div>\n\t\t\t<div role=\"region\" aria-expanded=\"false\" class=\"wp-block-ub-content-toggle-accordion-content-wrap ub-hide\" id=\"ub-content-toggle-panel-0-d9e8bc7e-cf26-4f15-81a6-22881f33bd4e\">\n\n<div class=\"wp-block-columns is-layout-flex wp-container-core-columns-is-layout-9d6595d7 wp-block-columns-is-layout-flex\">\n<div class=\"wp-block-column is-layout-flow wp-block-column-is-layout-flow\">\n<p>Farine de <strong>bl\u00e9<\/strong>, graines de <strong>s\u00e9same<\/strong> 25%, <strong>beurre<\/strong> 14%, <strong>lait<\/strong> \u00e9cr\u00e9m\u00e9 en poudre, sel, sucre, levure, farine de malt d\u2019<strong>orge<\/strong>, agent de traitement de la farine E300.<\/p>\n<\/div>\n<\/div>\n\n<\/div>\n\t\t<\/div>\n\n<div class=\"wp-block-ub-content-toggle-accordion\" style=\"border-color: #f1f1f1; \" id=\"ub-content-toggle-panel-block-8b4ce8c4-c081-4c91-a3f1-897702885b70\">\n\t\t\t<div class=\"wp-block-ub-content-toggle-accordion-title-wrap\" style=\"background-color: #f1f1f1;\" aria-controls=\"ub-content-toggle-panel-1-d9e8bc7e-cf26-4f15-81a6-22881f33bd4e\" tabindex=\"0\">\n\t\t\t<p class=\"wp-block-ub-content-toggle-accordion-title ub-content-toggle-title-d9e8bc7e-cf26-4f15-81a6-22881f33bd4e\" style=\"color: #000000; \">DONN\u00c9ES NUTRITIONNELLES<\/p>\n\t\t\t<div class=\"wp-block-ub-content-toggle-accordion-toggle-wrap right\" style=\"color: #000000;\"><span class=\"wp-block-ub-content-toggle-accordion-state-indicator wp-block-ub-chevron-down\"><\/span><\/div>\n\t\t<\/div>\n\t\t\t<div role=\"region\" aria-expanded=\"false\" class=\"wp-block-ub-content-toggle-accordion-content-wrap ub-hide\" id=\"ub-content-toggle-panel-1-d9e8bc7e-cf26-4f15-81a6-22881f33bd4e\">\n\n<figure class=\"wp-block-table\"><table><tbody><tr><th class=\"has-text-align-left\" data-align=\"left\"><strong>Valeurs \u00e9nerg\u00e9tiques et nutritionnelles\u00a0moyennes<\/strong><\/th><th class=\"has-text-align-left\" data-align=\"left\">100g<\/th><th class=\"has-text-align-left\" data-align=\"left\">20g<\/th><td><strong>AR*<\/strong><\/td><\/tr><tr><td class=\"has-text-align-left\" data-align=\"left\">Valeur \u00e9nerg\u00e9tique (kJ) \/ (kcal)<\/td><td class=\"has-text-align-left\" data-align=\"left\">2109\/504<\/td><td class=\"has-text-align-left\" data-align=\"left\">422\/101<\/td><td>5%<\/td><\/tr><tr><td class=\"has-text-align-left\" data-align=\"left\">Mati\u00e8res grasses\u00a0(g)<\/td><td class=\"has-text-align-left\" data-align=\"left\">26<\/td><td class=\"has-text-align-left\" data-align=\"left\">5.2<\/td><td>7%<\/td><\/tr><tr><td class=\"has-text-align-left\" data-align=\"left\">dont acides gras satur\u00e9s\u00a0(g)<\/td><td class=\"has-text-align-left\" data-align=\"left\">9.1<\/td><td class=\"has-text-align-left\" data-align=\"left\">1.8<\/td><td>9%<\/td><\/tr><tr><td class=\"has-text-align-left\" data-align=\"left\">Glucides\u00a0(g)<\/td><td class=\"has-text-align-left\" data-align=\"left\">50<\/td><td class=\"has-text-align-left\" data-align=\"left\">10<\/td><td>4%<\/td><\/tr><tr><td class=\"has-text-align-left\" data-align=\"left\">dont sucres\u00a0(g)<\/td><td class=\"has-text-align-left\" data-align=\"left\">3.2<\/td><td class=\"has-text-align-left\" data-align=\"left\">0.6<\/td><td>1%<\/td><\/tr><tr><td class=\"has-text-align-left\" data-align=\"left\">Fibres alimentaires\u00a0(g)<\/td><td class=\"has-text-align-left\" data-align=\"left\">5.2<\/td><td class=\"has-text-align-left\" data-align=\"left\">1<\/td><td>\u2013<\/td><\/tr><tr><td class=\"has-text-align-left\" data-align=\"left\">Prot\u00e9ines\u00a0(g)<\/td><td class=\"has-text-align-left\" data-align=\"left\">15<\/td><td class=\"has-text-align-left\" data-align=\"left\">3<\/td><td>6%<\/td><\/tr><tr><td class=\"has-text-align-left\" data-align=\"left\">Sel\u00a0(g)<\/td><td class=\"has-text-align-left\" data-align=\"left\">1.2<\/td><td class=\"has-text-align-left\" data-align=\"left\">0.24<\/td><td>4%<\/td><\/tr><\/tbody><\/table><\/figure>\n\n<\/div>\n\t\t<\/div>\n<\/div>","protected":false},"excerpt":{"rendered":"<p>Les Fl\u00fbtes au S\u00e9same &amp; au Beurre, aussi appel\u00e9es gressins, sont de d\u00e9licieux et croustillants biscuits italiens traditionnels. Faibles en mati\u00e8re grasse, elles sont parsem\u00e9es de fines graines de s\u00e9same. Leur conception remonte aux d\u00e9buts de l\u2019entreprise familiale Cornu SA.<\/p>\n<p><strong>Poids:<\/strong> 125g<\/p>\n","protected":false},"featured_media":1849,"template":"","meta":[],"product_brand":[],"product_cat":[34],"product_tag":[],"class_list":{"0":"post-1855","1":"product","2":"type-product","3":"status-publish","4":"has-post-thumbnail","6":"product_cat-flutes","8":"first","9":"instock","10":"taxable","11":"shipping-taxable","12":"purchasable","13":"product-type-simple"},"yoast_head":"<!-- This site is optimized with the Yoast SEO plugin v27.5 - https:\/\/yoast.com\/product\/yoast-seo-wordpress\/ -->\n<title>Fl\u00fbtes au s\u00e9same - La Fabrique Cornu Shop Europe<\/title>\n<meta name=\"description\" content=\"Les Fl\u00fbtes au S\u00e9same &amp; au Beurre, aussi appel\u00e9es gressins, sont de d\u00e9licieux et croustillants biscuits italiens traditionnels.\" \/>\n<meta name=\"robots\" content=\"index, follow, max-snippet:-1, max-image-preview:large, max-video-preview:-1\" \/>\n<link rel=\"canonical\" href=\"https:\/\/shop-eu.lafabriquecornu.ch\/fr\/produit\/flutes-sesame\/\" \/>\n<meta property=\"og:locale\" content=\"fr_FR\" \/>\n<meta property=\"og:type\" content=\"article\" \/>\n<meta property=\"og:title\" content=\"Fl\u00fbtes au s\u00e9same - La Fabrique Cornu Shop Europe\" \/>\n<meta property=\"og:description\" content=\"Les Fl\u00fbtes au S\u00e9same &amp; au Beurre, aussi appel\u00e9es gressins, sont de d\u00e9licieux et croustillants biscuits italiens traditionnels.\" \/>\n<meta property=\"og:url\" content=\"https:\/\/shop-eu.lafabriquecornu.ch\/fr\/produit\/flutes-sesame\/\" \/>\n<meta property=\"og:site_name\" content=\"La Fabrique Cornu Shop Europe\" \/>\n<meta property=\"article:publisher\" content=\"https:\/\/facebook.com\/lafabriquecornu\" \/>\n<meta property=\"article:modified_time\" content=\"2025-12-16T23:49:21+00:00\" \/>\n<meta property=\"og:image\" content=\"https:\/\/shop-eu.lafabriquecornu.ch\/wp-content\/uploads\/face_flutes-sesame.png\" \/>\n\t<meta property=\"og:image:width\" content=\"800\" \/>\n\t<meta property=\"og:image:height\" content=\"900\" \/>\n\t<meta property=\"og:image:type\" content=\"image\/png\" \/>\n<meta name=\"twitter:card\" content=\"summary_large_image\" \/>\n<meta name=\"twitter:label1\" content=\"Dur\u00e9e de lecture estim\u00e9e\" \/>\n\t<meta name=\"twitter:data1\" content=\"1 minute\" \/>\n<script type=\"application\/ld+json\" class=\"yoast-schema-graph\">{\"@context\":\"https:\\\/\\\/schema.org\",\"@graph\":[{\"@type\":\"WebPage\",\"@id\":\"https:\\\/\\\/shop-eu.lafabriquecornu.ch\\\/fr\\\/produit\\\/flutes-sesame\\\/\",\"url\":\"https:\\\/\\\/shop-eu.lafabriquecornu.ch\\\/fr\\\/produit\\\/flutes-sesame\\\/\",\"name\":\"Fl\u00fbtes au s\u00e9same - La Fabrique Cornu Shop Europe\",\"isPartOf\":{\"@id\":\"https:\\\/\\\/shop-eu.lafabriquecornu.ch\\\/fr\\\/#website\"},\"primaryImageOfPage\":{\"@id\":\"https:\\\/\\\/shop-eu.lafabriquecornu.ch\\\/fr\\\/produit\\\/flutes-sesame\\\/#primaryimage\"},\"image\":{\"@id\":\"https:\\\/\\\/shop-eu.lafabriquecornu.ch\\\/fr\\\/produit\\\/flutes-sesame\\\/#primaryimage\"},\"thumbnailUrl\":\"https:\\\/\\\/shop-eu.lafabriquecornu.ch\\\/wp-content\\\/uploads\\\/face_flutes-sesame.png\",\"datePublished\":\"2024-03-04T09:33:12+00:00\",\"dateModified\":\"2025-12-16T23:49:21+00:00\",\"description\":\"Les Fl\u00fbtes au S\u00e9same & au Beurre, aussi appel\u00e9es gressins, sont de d\u00e9licieux et croustillants biscuits italiens traditionnels.\",\"breadcrumb\":{\"@id\":\"https:\\\/\\\/shop-eu.lafabriquecornu.ch\\\/fr\\\/produit\\\/flutes-sesame\\\/#breadcrumb\"},\"inLanguage\":\"fr-FR\",\"potentialAction\":[{\"@type\":\"ReadAction\",\"target\":[\"https:\\\/\\\/shop-eu.lafabriquecornu.ch\\\/fr\\\/produit\\\/flutes-sesame\\\/\"]}]},{\"@type\":\"ImageObject\",\"inLanguage\":\"fr-FR\",\"@id\":\"https:\\\/\\\/shop-eu.lafabriquecornu.ch\\\/fr\\\/produit\\\/flutes-sesame\\\/#primaryimage\",\"url\":\"https:\\\/\\\/shop-eu.lafabriquecornu.ch\\\/wp-content\\\/uploads\\\/face_flutes-sesame.png\",\"contentUrl\":\"https:\\\/\\\/shop-eu.lafabriquecornu.ch\\\/wp-content\\\/uploads\\\/face_flutes-sesame.png\",\"width\":800,\"height\":900,\"caption\":\"flutes s\u00e9same\"},{\"@type\":\"BreadcrumbList\",\"@id\":\"https:\\\/\\\/shop-eu.lafabriquecornu.ch\\\/fr\\\/produit\\\/flutes-sesame\\\/#breadcrumb\",\"itemListElement\":[{\"@type\":\"ListItem\",\"position\":1,\"name\":\"Accueil\",\"item\":\"https:\\\/\\\/shop-eu.lafabriquecornu.ch\\\/fr\\\/\"},{\"@type\":\"ListItem\",\"position\":2,\"name\":\"Tous les produits\",\"item\":\"https:\\\/\\\/shop-eu.lafabriquecornu.ch\\\/fr\\\/boutique\\\/\"},{\"@type\":\"ListItem\",\"position\":3,\"name\":\"Fl\u00fbtes au s\u00e9same\"}]},{\"@type\":\"WebSite\",\"@id\":\"https:\\\/\\\/shop-eu.lafabriquecornu.ch\\\/fr\\\/#website\",\"url\":\"https:\\\/\\\/shop-eu.lafabriquecornu.ch\\\/fr\\\/\",\"name\":\"La Fabrique Cornu\",\"description\":\"\",\"publisher\":{\"@id\":\"https:\\\/\\\/shop-eu.lafabriquecornu.ch\\\/fr\\\/#organization\"},\"potentialAction\":[{\"@type\":\"SearchAction\",\"target\":{\"@type\":\"EntryPoint\",\"urlTemplate\":\"https:\\\/\\\/shop-eu.lafabriquecornu.ch\\\/fr\\\/?s={search_term_string}\"},\"query-input\":{\"@type\":\"PropertyValueSpecification\",\"valueRequired\":true,\"valueName\":\"search_term_string\"}}],\"inLanguage\":\"fr-FR\"},{\"@type\":\"Organization\",\"@id\":\"https:\\\/\\\/shop-eu.lafabriquecornu.ch\\\/fr\\\/#organization\",\"name\":\"La Fabrique Cornu\",\"url\":\"https:\\\/\\\/shop-eu.lafabriquecornu.ch\\\/fr\\\/\",\"logo\":{\"@type\":\"ImageObject\",\"inLanguage\":\"fr-FR\",\"@id\":\"https:\\\/\\\/shop-eu.lafabriquecornu.ch\\\/fr\\\/#\\\/schema\\\/logo\\\/image\\\/\",\"url\":\"https:\\\/\\\/shop-eu.lafabriquecornu.ch\\\/wp-content\\\/uploads\\\/lafabrique-logo.svg\",\"contentUrl\":\"https:\\\/\\\/shop-eu.lafabriquecornu.ch\\\/wp-content\\\/uploads\\\/lafabrique-logo.svg\",\"width\":1,\"height\":1,\"caption\":\"La Fabrique Cornu\"},\"image\":{\"@id\":\"https:\\\/\\\/shop-eu.lafabriquecornu.ch\\\/fr\\\/#\\\/schema\\\/logo\\\/image\\\/\"},\"sameAs\":[\"https:\\\/\\\/facebook.com\\\/lafabriquecornu\",\"https:\\\/\\\/www.instagram.com\\\/lafabriquech\",\"https:\\\/\\\/www.youtube.com\\\/@lafabrique-museeinteractif4254\"]}]}<\/script>\n<!-- \/ Yoast SEO plugin. -->","yoast_head_json":{"title":"Fl\u00fbtes au s\u00e9same - La Fabrique Cornu Shop Europe","description":"Les Fl\u00fbtes au S\u00e9same & au Beurre, aussi appel\u00e9es gressins, sont de d\u00e9licieux et croustillants biscuits italiens traditionnels.","robots":{"index":"index","follow":"follow","max-snippet":"max-snippet:-1","max-image-preview":"max-image-preview:large","max-video-preview":"max-video-preview:-1"},"canonical":"https:\/\/shop-eu.lafabriquecornu.ch\/fr\/produit\/flutes-sesame\/","og_locale":"fr_FR","og_type":"article","og_title":"Fl\u00fbtes au s\u00e9same - La Fabrique Cornu Shop Europe","og_description":"Les Fl\u00fbtes au S\u00e9same & au Beurre, aussi appel\u00e9es gressins, sont de d\u00e9licieux et croustillants biscuits italiens traditionnels.","og_url":"https:\/\/shop-eu.lafabriquecornu.ch\/fr\/produit\/flutes-sesame\/","og_site_name":"La Fabrique Cornu Shop Europe","article_publisher":"https:\/\/facebook.com\/lafabriquecornu","article_modified_time":"2025-12-16T23:49:21+00:00","og_image":[{"width":800,"height":900,"url":"https:\/\/shop-eu.lafabriquecornu.ch\/wp-content\/uploads\/face_flutes-sesame.png","type":"image\/png"}],"twitter_card":"summary_large_image","twitter_misc":{"Dur\u00e9e de lecture estim\u00e9e":"1 minute"},"schema":{"@context":"https:\/\/schema.org","@graph":[{"@type":"WebPage","@id":"https:\/\/shop-eu.lafabriquecornu.ch\/fr\/produit\/flutes-sesame\/","url":"https:\/\/shop-eu.lafabriquecornu.ch\/fr\/produit\/flutes-sesame\/","name":"Fl\u00fbtes au s\u00e9same - La Fabrique Cornu Shop Europe","isPartOf":{"@id":"https:\/\/shop-eu.lafabriquecornu.ch\/fr\/#website"},"primaryImageOfPage":{"@id":"https:\/\/shop-eu.lafabriquecornu.ch\/fr\/produit\/flutes-sesame\/#primaryimage"},"image":{"@id":"https:\/\/shop-eu.lafabriquecornu.ch\/fr\/produit\/flutes-sesame\/#primaryimage"},"thumbnailUrl":"https:\/\/shop-eu.lafabriquecornu.ch\/wp-content\/uploads\/face_flutes-sesame.png","datePublished":"2024-03-04T09:33:12+00:00","dateModified":"2025-12-16T23:49:21+00:00","description":"Les Fl\u00fbtes au S\u00e9same & au Beurre, aussi appel\u00e9es gressins, sont de d\u00e9licieux et croustillants biscuits italiens traditionnels.","breadcrumb":{"@id":"https:\/\/shop-eu.lafabriquecornu.ch\/fr\/produit\/flutes-sesame\/#breadcrumb"},"inLanguage":"fr-FR","potentialAction":[{"@type":"ReadAction","target":["https:\/\/shop-eu.lafabriquecornu.ch\/fr\/produit\/flutes-sesame\/"]}]},{"@type":"ImageObject","inLanguage":"fr-FR","@id":"https:\/\/shop-eu.lafabriquecornu.ch\/fr\/produit\/flutes-sesame\/#primaryimage","url":"https:\/\/shop-eu.lafabriquecornu.ch\/wp-content\/uploads\/face_flutes-sesame.png","contentUrl":"https:\/\/shop-eu.lafabriquecornu.ch\/wp-content\/uploads\/face_flutes-sesame.png","width":800,"height":900,"caption":"flutes s\u00e9same"},{"@type":"BreadcrumbList","@id":"https:\/\/shop-eu.lafabriquecornu.ch\/fr\/produit\/flutes-sesame\/#breadcrumb","itemListElement":[{"@type":"ListItem","position":1,"name":"Accueil","item":"https:\/\/shop-eu.lafabriquecornu.ch\/fr\/"},{"@type":"ListItem","position":2,"name":"Tous les produits","item":"https:\/\/shop-eu.lafabriquecornu.ch\/fr\/boutique\/"},{"@type":"ListItem","position":3,"name":"Fl\u00fbtes au s\u00e9same"}]},{"@type":"WebSite","@id":"https:\/\/shop-eu.lafabriquecornu.ch\/fr\/#website","url":"https:\/\/shop-eu.lafabriquecornu.ch\/fr\/","name":"La Fabrique Cornu","description":"","publisher":{"@id":"https:\/\/shop-eu.lafabriquecornu.ch\/fr\/#organization"},"potentialAction":[{"@type":"SearchAction","target":{"@type":"EntryPoint","urlTemplate":"https:\/\/shop-eu.lafabriquecornu.ch\/fr\/?s={search_term_string}"},"query-input":{"@type":"PropertyValueSpecification","valueRequired":true,"valueName":"search_term_string"}}],"inLanguage":"fr-FR"},{"@type":"Organization","@id":"https:\/\/shop-eu.lafabriquecornu.ch\/fr\/#organization","name":"La Fabrique Cornu","url":"https:\/\/shop-eu.lafabriquecornu.ch\/fr\/","logo":{"@type":"ImageObject","inLanguage":"fr-FR","@id":"https:\/\/shop-eu.lafabriquecornu.ch\/fr\/#\/schema\/logo\/image\/","url":"https:\/\/shop-eu.lafabriquecornu.ch\/wp-content\/uploads\/lafabrique-logo.svg","contentUrl":"https:\/\/shop-eu.lafabriquecornu.ch\/wp-content\/uploads\/lafabrique-logo.svg","width":1,"height":1,"caption":"La Fabrique Cornu"},"image":{"@id":"https:\/\/shop-eu.lafabriquecornu.ch\/fr\/#\/schema\/logo\/image\/"},"sameAs":["https:\/\/facebook.com\/lafabriquecornu","https:\/\/www.instagram.com\/lafabriquech","https:\/\/www.youtube.com\/@lafabrique-museeinteractif4254"]}]}},"_links":{"self":[{"href":"https:\/\/shop-eu.lafabriquecornu.ch\/fr\/wp-json\/wp\/v2\/product\/1855","targetHints":{"allow":["GET"]}}],"collection":[{"href":"https:\/\/shop-eu.lafabriquecornu.ch\/fr\/wp-json\/wp\/v2\/product"}],"about":[{"href":"https:\/\/shop-eu.lafabriquecornu.ch\/fr\/wp-json\/wp\/v2\/types\/product"}],"wp:featuredmedia":[{"embeddable":true,"href":"https:\/\/shop-eu.lafabriquecornu.ch\/fr\/wp-json\/wp\/v2\/media\/1849"}],"wp:attachment":[{"href":"https:\/\/shop-eu.lafabriquecornu.ch\/fr\/wp-json\/wp\/v2\/media?parent=1855"}],"wp:term":[{"taxonomy":"product_brand","embeddable":true,"href":"https:\/\/shop-eu.lafabriquecornu.ch\/fr\/wp-json\/wp\/v2\/product_brand?post=1855"},{"taxonomy":"product_cat","embeddable":true,"href":"https:\/\/shop-eu.lafabriquecornu.ch\/fr\/wp-json\/wp\/v2\/product_cat?post=1855"},{"taxonomy":"product_tag","embeddable":true,"href":"https:\/\/shop-eu.lafabriquecornu.ch\/fr\/wp-json\/wp\/v2\/product_tag?post=1855"}],"curies":[{"name":"wp","href":"https:\/\/api.w.org\/{rel}","templated":true}]}}