{"id":1960,"date":"2024-03-04T10:33:09","date_gmt":"2024-03-04T09:33:09","guid":{"rendered":"https:\/\/shop-ch.lafabriquecornu.ch\/?post_type=product&#038;p=1960"},"modified":"2026-01-05T18:00:40","modified_gmt":"2026-01-05T17:00:40","slug":"pearls-au-chocolat-au-lait","status":"publish","type":"product","link":"https:\/\/shop-eu.lafabriquecornu.ch\/fr\/produit\/pearls-au-chocolat-au-lait\/","title":{"rendered":"Pearls au chocolat au lait"},"content":{"rendered":"<div class=\"wp-block-ub-content-toggle padding-top-l wp-block-ub-content-toggle-block\" id=\"ub-content-toggle-block-e6210240-d211-4472-9805-e113ef90246f\" data-mobilecollapse=\"true\" data-desktopcollapse=\"true\" data-preventcollapse=\"false\" data-showonlyone=\"false\">\n<div class=\"wp-block-ub-content-toggle-accordion\" style=\"border-color: #f1f1f1; \" id=\"ub-content-toggle-panel-block-66372e0e-4083-4d77-8ad7-05946c7bbbce\">\n\t\t\t<div class=\"wp-block-ub-content-toggle-accordion-title-wrap\" style=\"background-color: #f1f1f1;\" aria-controls=\"ub-content-toggle-panel-0-e6210240-d211-4472-9805-e113ef90246f\" tabindex=\"0\">\n\t\t\t<p class=\"wp-block-ub-content-toggle-accordion-title ub-content-toggle-title-e6210240-d211-4472-9805-e113ef90246f\" style=\"color: #000000; \">INGR\u00e9DIENTS<\/p>\n\t\t\t<div class=\"wp-block-ub-content-toggle-accordion-toggle-wrap right\" style=\"color: #000000;\"><span class=\"wp-block-ub-content-toggle-accordion-state-indicator wp-block-ub-chevron-down\"><\/span><\/div>\n\t\t<\/div>\n\t\t\t<div role=\"region\" aria-expanded=\"false\" class=\"wp-block-ub-content-toggle-accordion-content-wrap ub-hide\" id=\"ub-content-toggle-panel-0-e6210240-d211-4472-9805-e113ef90246f\">\n\n<div class=\"wp-block-columns is-layout-flex wp-container-core-columns-is-layout-9d6595d7 wp-block-columns-is-layout-flex\">\n<div class=\"wp-block-column is-layout-flow wp-block-column-is-layout-flow\">\n<p>Chocolat au lait 68% (sucre, beurre de cacao, <strong>lait<\/strong> entier en poudre*, p\u00e2te de cacao, <strong>lactose<\/strong>*, <strong>lactoserum en poudre<\/strong>, \u00e9mulsifiant\u2009: l\u00e9cithine de <strong>soja<\/strong>), perles croustillantes (farine de <strong>bl\u00e9<\/strong>, huile de tournesol, <strong>lait<\/strong> \u00e9cr\u00e9m\u00e9 en poudre, extrait de malt d\u2019<strong>orge<\/strong>, sel, levure), sirop de glucose, beurre de cacao &#8211; agent d\u2019enrobage\u2009: gomme laque. <strong>Contient lait, soja, bl\u00e9 et orge. Peut contenir des traces d\u2019arachide, amandes, noisette, noix, noix de cajou, noix de p\u00e9can, pistache et oeufs.<\/strong><\/p>\n<\/div>\n<\/div>\n\n<\/div>\n\t\t<\/div>\n\n<div class=\"wp-block-ub-content-toggle-accordion\" style=\"border-color: #f1f1f1; \" id=\"ub-content-toggle-panel-block-b0794487-8770-43bd-99fd-8c16d53ff47b\">\n\t\t\t<div class=\"wp-block-ub-content-toggle-accordion-title-wrap\" style=\"background-color: #f1f1f1;\" aria-controls=\"ub-content-toggle-panel-1-e6210240-d211-4472-9805-e113ef90246f\" tabindex=\"0\">\n\t\t\t<p class=\"wp-block-ub-content-toggle-accordion-title ub-content-toggle-title-e6210240-d211-4472-9805-e113ef90246f\" style=\"color: #000000; \">DONN\u00c9ES NUTRITIONNELLES<\/p>\n\t\t\t<div class=\"wp-block-ub-content-toggle-accordion-toggle-wrap right\" style=\"color: #000000;\"><span class=\"wp-block-ub-content-toggle-accordion-state-indicator wp-block-ub-chevron-down\"><\/span><\/div>\n\t\t<\/div>\n\t\t\t<div role=\"region\" aria-expanded=\"false\" class=\"wp-block-ub-content-toggle-accordion-content-wrap ub-hide\" id=\"ub-content-toggle-panel-1-e6210240-d211-4472-9805-e113ef90246f\">\n\n<p><strong>Valeurs \u00e9nerg\u00e9tiques et nutritionnelles\u00a0moyennes pour 100g<\/strong><br>Energie 2081 KJ\/497 Kcal | Mati\u00e8res grasses\u2009\u2009: 25 g | dont acides gras satur\u00e9s\u2009: 14 g | Glucides\u2009: 60 g\u00a0 | Dont sucres\u2009: 38 g\u00a0 | Prot\u00e9ines\u2009: 8 g | Sel\u2009: 0.46 g<\/p>\n\n<\/div>\n\t\t<\/div>\n<\/div>","protected":false},"excerpt":{"rendered":"<p><strong>Poids:<\/strong> 150g<\/p>\n","protected":false},"featured_media":1913,"template":"","meta":[],"product_brand":[],"product_cat":[40,42],"product_tag":[],"class_list":{"0":"post-1960","1":"product","2":"type-product","3":"status-publish","4":"has-post-thumbnail","6":"product_cat-chocolats","7":"product_cat-snacks","9":"first","10":"instock","11":"taxable","12":"shipping-taxable","13":"purchasable","14":"product-type-simple"},"yoast_head":"<!-- This site is optimized with the Yoast SEO plugin v27.3 - https:\/\/yoast.com\/product\/yoast-seo-wordpress\/ -->\n<title>Pearls au chocolat au lait - La Fabrique Cornu Shop Europe<\/title>\n<meta name=\"description\" content=\"Pearls sal\u00e9s au chocolat au lait\" \/>\n<meta name=\"robots\" content=\"index, follow, max-snippet:-1, max-image-preview:large, max-video-preview:-1\" \/>\n<link rel=\"canonical\" href=\"https:\/\/shop-eu.lafabriquecornu.ch\/fr\/produit\/pearls-au-chocolat-au-lait\/\" \/>\n<meta property=\"og:locale\" content=\"fr_FR\" \/>\n<meta property=\"og:type\" content=\"article\" \/>\n<meta property=\"og:title\" content=\"Pearls au chocolat au lait - La Fabrique Cornu Shop Europe\" \/>\n<meta property=\"og:description\" content=\"Pearls sal\u00e9s au chocolat au lait\" \/>\n<meta property=\"og:url\" content=\"https:\/\/shop-eu.lafabriquecornu.ch\/fr\/produit\/pearls-au-chocolat-au-lait\/\" \/>\n<meta property=\"og:site_name\" content=\"La Fabrique Cornu Shop Europe\" \/>\n<meta property=\"article:publisher\" content=\"https:\/\/facebook.com\/lafabriquecornu\" \/>\n<meta property=\"article:modified_time\" content=\"2026-01-05T17:00:40+00:00\" \/>\n<meta property=\"og:image\" content=\"https:\/\/shop-eu.lafabriquecornu.ch\/wp-content\/uploads\/face_pearls-chocolat-lait-lafabrique.webp\" \/>\n\t<meta property=\"og:image:width\" content=\"800\" \/>\n\t<meta property=\"og:image:height\" content=\"900\" \/>\n\t<meta property=\"og:image:type\" content=\"image\/webp\" \/>\n<meta name=\"twitter:card\" content=\"summary_large_image\" \/>\n<meta name=\"twitter:label1\" content=\"Dur\u00e9e de lecture estim\u00e9e\" \/>\n\t<meta name=\"twitter:data1\" content=\"1 minute\" \/>\n<script type=\"application\/ld+json\" class=\"yoast-schema-graph\">{\"@context\":\"https:\\\/\\\/schema.org\",\"@graph\":[{\"@type\":\"WebPage\",\"@id\":\"https:\\\/\\\/shop-eu.lafabriquecornu.ch\\\/fr\\\/produit\\\/pearls-au-chocolat-au-lait\\\/\",\"url\":\"https:\\\/\\\/shop-eu.lafabriquecornu.ch\\\/fr\\\/produit\\\/pearls-au-chocolat-au-lait\\\/\",\"name\":\"Pearls au chocolat au lait - La Fabrique Cornu Shop Europe\",\"isPartOf\":{\"@id\":\"https:\\\/\\\/shop-eu.lafabriquecornu.ch\\\/fr\\\/#website\"},\"primaryImageOfPage\":{\"@id\":\"https:\\\/\\\/shop-eu.lafabriquecornu.ch\\\/fr\\\/produit\\\/pearls-au-chocolat-au-lait\\\/#primaryimage\"},\"image\":{\"@id\":\"https:\\\/\\\/shop-eu.lafabriquecornu.ch\\\/fr\\\/produit\\\/pearls-au-chocolat-au-lait\\\/#primaryimage\"},\"thumbnailUrl\":\"https:\\\/\\\/shop-eu.lafabriquecornu.ch\\\/wp-content\\\/uploads\\\/face_pearls-chocolat-lait-lafabrique.webp\",\"datePublished\":\"2024-03-04T09:33:09+00:00\",\"dateModified\":\"2026-01-05T17:00:40+00:00\",\"description\":\"Pearls sal\u00e9s au chocolat au lait\",\"breadcrumb\":{\"@id\":\"https:\\\/\\\/shop-eu.lafabriquecornu.ch\\\/fr\\\/produit\\\/pearls-au-chocolat-au-lait\\\/#breadcrumb\"},\"inLanguage\":\"fr-FR\",\"potentialAction\":[{\"@type\":\"ReadAction\",\"target\":[\"https:\\\/\\\/shop-eu.lafabriquecornu.ch\\\/fr\\\/produit\\\/pearls-au-chocolat-au-lait\\\/\"]}]},{\"@type\":\"ImageObject\",\"inLanguage\":\"fr-FR\",\"@id\":\"https:\\\/\\\/shop-eu.lafabriquecornu.ch\\\/fr\\\/produit\\\/pearls-au-chocolat-au-lait\\\/#primaryimage\",\"url\":\"https:\\\/\\\/shop-eu.lafabriquecornu.ch\\\/wp-content\\\/uploads\\\/face_pearls-chocolat-lait-lafabrique.webp\",\"contentUrl\":\"https:\\\/\\\/shop-eu.lafabriquecornu.ch\\\/wp-content\\\/uploads\\\/face_pearls-chocolat-lait-lafabrique.webp\",\"width\":800,\"height\":900,\"caption\":\"pearls chocolat lait la fabrique\"},{\"@type\":\"BreadcrumbList\",\"@id\":\"https:\\\/\\\/shop-eu.lafabriquecornu.ch\\\/fr\\\/produit\\\/pearls-au-chocolat-au-lait\\\/#breadcrumb\",\"itemListElement\":[{\"@type\":\"ListItem\",\"position\":1,\"name\":\"Accueil\",\"item\":\"https:\\\/\\\/shop-eu.lafabriquecornu.ch\\\/fr\\\/\"},{\"@type\":\"ListItem\",\"position\":2,\"name\":\"Tous les produits\",\"item\":\"https:\\\/\\\/shop-eu.lafabriquecornu.ch\\\/fr\\\/boutique\\\/\"},{\"@type\":\"ListItem\",\"position\":3,\"name\":\"Pearls au chocolat au lait\"}]},{\"@type\":\"WebSite\",\"@id\":\"https:\\\/\\\/shop-eu.lafabriquecornu.ch\\\/fr\\\/#website\",\"url\":\"https:\\\/\\\/shop-eu.lafabriquecornu.ch\\\/fr\\\/\",\"name\":\"La Fabrique Cornu\",\"description\":\"\",\"publisher\":{\"@id\":\"https:\\\/\\\/shop-eu.lafabriquecornu.ch\\\/fr\\\/#organization\"},\"potentialAction\":[{\"@type\":\"SearchAction\",\"target\":{\"@type\":\"EntryPoint\",\"urlTemplate\":\"https:\\\/\\\/shop-eu.lafabriquecornu.ch\\\/fr\\\/?s={search_term_string}\"},\"query-input\":{\"@type\":\"PropertyValueSpecification\",\"valueRequired\":true,\"valueName\":\"search_term_string\"}}],\"inLanguage\":\"fr-FR\"},{\"@type\":\"Organization\",\"@id\":\"https:\\\/\\\/shop-eu.lafabriquecornu.ch\\\/fr\\\/#organization\",\"name\":\"La Fabrique Cornu\",\"url\":\"https:\\\/\\\/shop-eu.lafabriquecornu.ch\\\/fr\\\/\",\"logo\":{\"@type\":\"ImageObject\",\"inLanguage\":\"fr-FR\",\"@id\":\"https:\\\/\\\/shop-eu.lafabriquecornu.ch\\\/fr\\\/#\\\/schema\\\/logo\\\/image\\\/\",\"url\":\"https:\\\/\\\/shop-eu.lafabriquecornu.ch\\\/wp-content\\\/uploads\\\/lafabrique-logo.svg\",\"contentUrl\":\"https:\\\/\\\/shop-eu.lafabriquecornu.ch\\\/wp-content\\\/uploads\\\/lafabrique-logo.svg\",\"width\":1,\"height\":1,\"caption\":\"La Fabrique Cornu\"},\"image\":{\"@id\":\"https:\\\/\\\/shop-eu.lafabriquecornu.ch\\\/fr\\\/#\\\/schema\\\/logo\\\/image\\\/\"},\"sameAs\":[\"https:\\\/\\\/facebook.com\\\/lafabriquecornu\",\"https:\\\/\\\/www.instagram.com\\\/lafabriquech\",\"https:\\\/\\\/www.youtube.com\\\/@lafabrique-museeinteractif4254\"]}]}<\/script>\n<!-- \/ Yoast SEO plugin. -->","yoast_head_json":{"title":"Pearls au chocolat au lait - La Fabrique Cornu Shop Europe","description":"Pearls sal\u00e9s au chocolat au lait","robots":{"index":"index","follow":"follow","max-snippet":"max-snippet:-1","max-image-preview":"max-image-preview:large","max-video-preview":"max-video-preview:-1"},"canonical":"https:\/\/shop-eu.lafabriquecornu.ch\/fr\/produit\/pearls-au-chocolat-au-lait\/","og_locale":"fr_FR","og_type":"article","og_title":"Pearls au chocolat au lait - La Fabrique Cornu Shop Europe","og_description":"Pearls sal\u00e9s au chocolat au lait","og_url":"https:\/\/shop-eu.lafabriquecornu.ch\/fr\/produit\/pearls-au-chocolat-au-lait\/","og_site_name":"La Fabrique Cornu Shop Europe","article_publisher":"https:\/\/facebook.com\/lafabriquecornu","article_modified_time":"2026-01-05T17:00:40+00:00","og_image":[{"width":800,"height":900,"url":"https:\/\/shop-eu.lafabriquecornu.ch\/wp-content\/uploads\/face_pearls-chocolat-lait-lafabrique.webp","type":"image\/webp"}],"twitter_card":"summary_large_image","twitter_misc":{"Dur\u00e9e de lecture estim\u00e9e":"1 minute"},"schema":{"@context":"https:\/\/schema.org","@graph":[{"@type":"WebPage","@id":"https:\/\/shop-eu.lafabriquecornu.ch\/fr\/produit\/pearls-au-chocolat-au-lait\/","url":"https:\/\/shop-eu.lafabriquecornu.ch\/fr\/produit\/pearls-au-chocolat-au-lait\/","name":"Pearls au chocolat au lait - La Fabrique Cornu Shop Europe","isPartOf":{"@id":"https:\/\/shop-eu.lafabriquecornu.ch\/fr\/#website"},"primaryImageOfPage":{"@id":"https:\/\/shop-eu.lafabriquecornu.ch\/fr\/produit\/pearls-au-chocolat-au-lait\/#primaryimage"},"image":{"@id":"https:\/\/shop-eu.lafabriquecornu.ch\/fr\/produit\/pearls-au-chocolat-au-lait\/#primaryimage"},"thumbnailUrl":"https:\/\/shop-eu.lafabriquecornu.ch\/wp-content\/uploads\/face_pearls-chocolat-lait-lafabrique.webp","datePublished":"2024-03-04T09:33:09+00:00","dateModified":"2026-01-05T17:00:40+00:00","description":"Pearls sal\u00e9s au chocolat au lait","breadcrumb":{"@id":"https:\/\/shop-eu.lafabriquecornu.ch\/fr\/produit\/pearls-au-chocolat-au-lait\/#breadcrumb"},"inLanguage":"fr-FR","potentialAction":[{"@type":"ReadAction","target":["https:\/\/shop-eu.lafabriquecornu.ch\/fr\/produit\/pearls-au-chocolat-au-lait\/"]}]},{"@type":"ImageObject","inLanguage":"fr-FR","@id":"https:\/\/shop-eu.lafabriquecornu.ch\/fr\/produit\/pearls-au-chocolat-au-lait\/#primaryimage","url":"https:\/\/shop-eu.lafabriquecornu.ch\/wp-content\/uploads\/face_pearls-chocolat-lait-lafabrique.webp","contentUrl":"https:\/\/shop-eu.lafabriquecornu.ch\/wp-content\/uploads\/face_pearls-chocolat-lait-lafabrique.webp","width":800,"height":900,"caption":"pearls chocolat lait la fabrique"},{"@type":"BreadcrumbList","@id":"https:\/\/shop-eu.lafabriquecornu.ch\/fr\/produit\/pearls-au-chocolat-au-lait\/#breadcrumb","itemListElement":[{"@type":"ListItem","position":1,"name":"Accueil","item":"https:\/\/shop-eu.lafabriquecornu.ch\/fr\/"},{"@type":"ListItem","position":2,"name":"Tous les produits","item":"https:\/\/shop-eu.lafabriquecornu.ch\/fr\/boutique\/"},{"@type":"ListItem","position":3,"name":"Pearls au chocolat au lait"}]},{"@type":"WebSite","@id":"https:\/\/shop-eu.lafabriquecornu.ch\/fr\/#website","url":"https:\/\/shop-eu.lafabriquecornu.ch\/fr\/","name":"La Fabrique Cornu","description":"","publisher":{"@id":"https:\/\/shop-eu.lafabriquecornu.ch\/fr\/#organization"},"potentialAction":[{"@type":"SearchAction","target":{"@type":"EntryPoint","urlTemplate":"https:\/\/shop-eu.lafabriquecornu.ch\/fr\/?s={search_term_string}"},"query-input":{"@type":"PropertyValueSpecification","valueRequired":true,"valueName":"search_term_string"}}],"inLanguage":"fr-FR"},{"@type":"Organization","@id":"https:\/\/shop-eu.lafabriquecornu.ch\/fr\/#organization","name":"La Fabrique Cornu","url":"https:\/\/shop-eu.lafabriquecornu.ch\/fr\/","logo":{"@type":"ImageObject","inLanguage":"fr-FR","@id":"https:\/\/shop-eu.lafabriquecornu.ch\/fr\/#\/schema\/logo\/image\/","url":"https:\/\/shop-eu.lafabriquecornu.ch\/wp-content\/uploads\/lafabrique-logo.svg","contentUrl":"https:\/\/shop-eu.lafabriquecornu.ch\/wp-content\/uploads\/lafabrique-logo.svg","width":1,"height":1,"caption":"La Fabrique Cornu"},"image":{"@id":"https:\/\/shop-eu.lafabriquecornu.ch\/fr\/#\/schema\/logo\/image\/"},"sameAs":["https:\/\/facebook.com\/lafabriquecornu","https:\/\/www.instagram.com\/lafabriquech","https:\/\/www.youtube.com\/@lafabrique-museeinteractif4254"]}]}},"_links":{"self":[{"href":"https:\/\/shop-eu.lafabriquecornu.ch\/fr\/wp-json\/wp\/v2\/product\/1960","targetHints":{"allow":["GET"]}}],"collection":[{"href":"https:\/\/shop-eu.lafabriquecornu.ch\/fr\/wp-json\/wp\/v2\/product"}],"about":[{"href":"https:\/\/shop-eu.lafabriquecornu.ch\/fr\/wp-json\/wp\/v2\/types\/product"}],"wp:featuredmedia":[{"embeddable":true,"href":"https:\/\/shop-eu.lafabriquecornu.ch\/fr\/wp-json\/wp\/v2\/media\/1913"}],"wp:attachment":[{"href":"https:\/\/shop-eu.lafabriquecornu.ch\/fr\/wp-json\/wp\/v2\/media?parent=1960"}],"wp:term":[{"taxonomy":"product_brand","embeddable":true,"href":"https:\/\/shop-eu.lafabriquecornu.ch\/fr\/wp-json\/wp\/v2\/product_brand?post=1960"},{"taxonomy":"product_cat","embeddable":true,"href":"https:\/\/shop-eu.lafabriquecornu.ch\/fr\/wp-json\/wp\/v2\/product_cat?post=1960"},{"taxonomy":"product_tag","embeddable":true,"href":"https:\/\/shop-eu.lafabriquecornu.ch\/fr\/wp-json\/wp\/v2\/product_tag?post=1960"}],"curies":[{"name":"wp","href":"https:\/\/api.w.org\/{rel}","templated":true}]}}